{"id":200,"date":"2018-12-25T09:05:11","date_gmt":"2018-12-25T09:05:11","guid":{"rendered":"http:\/\/redfoxthemes.com\/demo\/pro\/themes\/hotel-paradise-pro\/?page_id=14"},"modified":"2021-05-29T04:47:02","modified_gmt":"2021-05-29T04:47:02","slug":"services","status":"publish","type":"page","link":"https:\/\/www.greenhousecabanas.com\/green2020\/en\/services\/","title":{"rendered":"Our Services"},"content":{"rendered":"<p>Ponemos a disposici\u00f3n de nuestros huespedes gran variedad de servicios.<\/p>\n\n\n\n<p><\/p>\n\n\n\n<div class=\"wp-block-media-text alignwide is-stacked-on-mobile\"><figure class=\"wp-block-media-text__media\"><img loading=\"lazy\" decoding=\"async\" width=\"1024\" height=\"768\" src=\"http:\/\/www.greenhousecabanas.com\/green2020\/wp-content\/uploads\/2021\/05\/Canon-Rebel-T5i-061-Copy-1024x768.jpg\" alt=\"\" class=\"wp-image-340 size-full\" srcset=\"https:\/\/www.greenhousecabanas.com\/green2020\/wp-content\/uploads\/2021\/05\/Canon-Rebel-T5i-061-Copy-1024x768.jpg 1024w, https:\/\/www.greenhousecabanas.com\/green2020\/wp-content\/uploads\/2021\/05\/Canon-Rebel-T5i-061-Copy-300x225.jpg 300w, https:\/\/www.greenhousecabanas.com\/green2020\/wp-content\/uploads\/2021\/05\/Canon-Rebel-T5i-061-Copy-768x576.jpg 768w, https:\/\/www.greenhousecabanas.com\/green2020\/wp-content\/uploads\/2021\/05\/Canon-Rebel-T5i-061-Copy-1536x1152.jpg 1536w, https:\/\/www.greenhousecabanas.com\/green2020\/wp-content\/uploads\/2021\/05\/Canon-Rebel-T5i-061-Copy.jpg 1778w\" sizes=\"auto, (max-width: 1024px) 100vw, 1024px\" \/><\/figure><div class=\"wp-block-media-text__content\">\n<p class=\"has-large-font-size\">Restaurante<\/p>\n\n\n\n<p>Contamos con nuestro restaurante el cual le brindar\u00e1 una gran variedad en platos nacionales e internacionales.<\/p>\n\n\n\n<p>Inclu\u00edmos deliciosos desayunos con su hospedaje.<\/p>\n\n\n\n<p>Y le sorprenderemos con nuestras deliciosas cenas a la carta.<\/p>\n<\/div><\/div>\n\n\n\n<p><\/p>\n\n\n\n<p>Todas nuestras habitaciones incluyen internet de alta velocidad de fibra \u00f3ptica, con el cual podr\u00e1 terminar alg\u00fan trabajo desde su habitaci\u00f3n o simplemente postear una foto de nuestros jardines.<\/p>\n\n\n\n<p><\/p>\n\n\n\n<div class=\"wp-block-media-text alignwide has-media-on-the-right is-stacked-on-mobile\"><figure class=\"wp-block-media-text__media\"><img loading=\"lazy\" decoding=\"async\" width=\"269\" height=\"188\" src=\"http:\/\/www.greenhousecabanas.com\/green2020\/wp-content\/uploads\/2021\/05\/minibar.jpg\" alt=\"\" class=\"wp-image-341 size-full\"\/><\/figure><div class=\"wp-block-media-text__content\">\n<p class=\"has-large-font-size\">Minibar<\/p>\n\n\n\n<p>Nuestras habitaciones cuentan con el servicio de minibar, para el disfrute de su estad\u00eda.<\/p>\n<\/div><\/div>\n\n\n\n<p><\/p>\n\n\n\n<p>Contamos con televisi\u00f3n por cable y duchas con agua caliente en todas nuestras habitaciones.<\/p>\n\n\n\n<p>Dentro de la coyuntura actual, en Greenhouse Caba\u00f1as cuidamos de su salud, siguiendo estrictos protocolos para la prevenci\u00f3n y lucha contra el COVID-19<\/p>","protected":false},"excerpt":{"rendered":"<p>Ponemos a disposici\u00f3n de nuestros huespedes gran variedad de servicios. Restaurante Contamos con nuestro restaurante el cual le brindar\u00e1 una gran variedad en platos nacionales e internacionales. Inclu\u00edmos deliciosos desayunos con su hospedaje. Y le &#8230;<\/p>","protected":false},"author":1,"featured_media":0,"parent":0,"menu_order":0,"comment_status":"closed","ping_status":"closed","template":"template\/page-fullwidth.php","meta":{"_coblocks_attr":"","_coblocks_dimensions":"","_coblocks_responsive_height":"","_coblocks_accordion_ie_support":"","footnotes":""},"class_list":["post-200","page","type-page","status-publish","hentry"],"_links":{"self":[{"href":"https:\/\/www.greenhousecabanas.com\/green2020\/en\/wp-json\/wp\/v2\/pages\/200","targetHints":{"allow":["GET"]}}],"collection":[{"href":"https:\/\/www.greenhousecabanas.com\/green2020\/en\/wp-json\/wp\/v2\/pages"}],"about":[{"href":"https:\/\/www.greenhousecabanas.com\/green2020\/en\/wp-json\/wp\/v2\/types\/page"}],"author":[{"embeddable":true,"href":"https:\/\/www.greenhousecabanas.com\/green2020\/en\/wp-json\/wp\/v2\/users\/1"}],"replies":[{"embeddable":true,"href":"https:\/\/www.greenhousecabanas.com\/green2020\/en\/wp-json\/wp\/v2\/comments?post=200"}],"version-history":[{"count":3,"href":"https:\/\/www.greenhousecabanas.com\/green2020\/en\/wp-json\/wp\/v2\/pages\/200\/revisions"}],"predecessor-version":[{"id":350,"href":"https:\/\/www.greenhousecabanas.com\/green2020\/en\/wp-json\/wp\/v2\/pages\/200\/revisions\/350"}],"wp:attachment":[{"href":"https:\/\/www.greenhousecabanas.com\/green2020\/en\/wp-json\/wp\/v2\/media?parent=200"}],"curies":[{"name":"wp","href":"https:\/\/api.w.org\/{rel}","templated":true}]}}