{"id":204,"date":"2018-12-25T09:06:41","date_gmt":"2018-12-25T09:06:41","guid":{"rendered":"http:\/\/redfoxthemes.com\/demo\/pro\/themes\/hotel-paradise-pro\/?page_id=22"},"modified":"2022-09-13T17:37:17","modified_gmt":"2022-09-13T17:37:17","slug":"rooms","status":"publish","type":"page","link":"https:\/\/www.greenhousecabanas.com\/green2020\/en\/rooms\/","title":{"rendered":"Rooms"},"content":{"rendered":"<p>Contamos con 18 habitaciones en diferentes ambientes pero siempre inmersas a una atmosfera llena de naturaleza, privadas y acogedoras.<\/p>\n\n\n\n<div aria-label=\"Carousel Gallery\" class=\"wp-block-coblocks-gallery-carousel\"><div class=\"coblocks-gallery-carousel-swiper-container is-cropped coblocks-gallery has-no-alignment has-border-radius-6 has-caption-style-dark has-horizontal-gutter has-no-thumbnails\"><div class=\"has-carousel has-carousel-lrg swiper-container\" data-swiper=\"{&quot;alignCells&quot;:false,&quot;autoPlay&quot;:false,&quot;autoPlaySpeed&quot;:3000,&quot;draggable&quot;:true,&quot;freeMode&quot;:false,&quot;loop&quot;:false,&quot;navigation&quot;:true,&quot;pageDots&quot;:false,&quot;pauseHover&quot;:false,&quot;responsiveHeight&quot;:false,&quot;slidesPerView&quot;:2,&quot;thumbnails&quot;:false,&quot;uuid&quot;:&quot;12345&quot;}\" id=\"12345\" style=\"height:400px\"><div class=\"swiper-wrapper\"><div class=\"swiper-slide\"><div class=\"coblocks-gallery--item\" role=\"button\" tabindex=\"0\"><figure class=\"coblocks-gallery--figure has-margin-left-15 has-margin-right-15\"><img loading=\"lazy\" decoding=\"async\" width=\"1024\" height=\"683\" alt=\"\" class=\"wp-image-265\" data-id=\"265\" data-link=\"http:\/\/www.greenhousecabanas.com\/green2020\/rooms\/green-house-12-ap4\/\" src=\"http:\/\/www.greenhousecabanas.com\/green2020\/wp-content\/uploads\/2021\/05\/Green-House-12-AP4-1024x683.jpg\" srcset=\"https:\/\/www.greenhousecabanas.com\/green2020\/wp-content\/uploads\/2021\/05\/Green-House-12-AP4-1024x683.jpg 1024w, https:\/\/www.greenhousecabanas.com\/green2020\/wp-content\/uploads\/2021\/05\/Green-House-12-AP4-300x200.jpg 300w, https:\/\/www.greenhousecabanas.com\/green2020\/wp-content\/uploads\/2021\/05\/Green-House-12-AP4-768x512.jpg 768w, https:\/\/www.greenhousecabanas.com\/green2020\/wp-content\/uploads\/2021\/05\/Green-House-12-AP4-1536x1024.jpg 1536w, https:\/\/www.greenhousecabanas.com\/green2020\/wp-content\/uploads\/2021\/05\/Green-House-12-AP4.jpg 1794w\" sizes=\"auto, (max-width: 1024px) 100vw, 1024px\" \/><\/figure><figcaption class=\"coblocks-gallery--caption coblocks-gallery--primary-caption\"><\/figcaption><\/div><\/div><div class=\"swiper-slide\"><div class=\"coblocks-gallery--item\" role=\"button\" tabindex=\"1\"><figure class=\"coblocks-gallery--figure has-margin-left-15 has-margin-right-15\"><img loading=\"lazy\" decoding=\"async\" width=\"1024\" height=\"725\" alt=\"\" class=\"wp-image-266\" data-id=\"266\" data-link=\"http:\/\/www.greenhousecabanas.com\/green2020\/rooms\/green-house-18-room-2-3\/\" src=\"http:\/\/www.greenhousecabanas.com\/green2020\/wp-content\/uploads\/2021\/05\/Green-House-18-ROOM-2-3-1024x725.jpg\" srcset=\"https:\/\/www.greenhousecabanas.com\/green2020\/wp-content\/uploads\/2021\/05\/Green-House-18-ROOM-2-3-1024x725.jpg 1024w, https:\/\/www.greenhousecabanas.com\/green2020\/wp-content\/uploads\/2021\/05\/Green-House-18-ROOM-2-3-300x212.jpg 300w, https:\/\/www.greenhousecabanas.com\/green2020\/wp-content\/uploads\/2021\/05\/Green-House-18-ROOM-2-3-768x544.jpg 768w, https:\/\/www.greenhousecabanas.com\/green2020\/wp-content\/uploads\/2021\/05\/Green-House-18-ROOM-2-3-1536x1088.jpg 1536w, https:\/\/www.greenhousecabanas.com\/green2020\/wp-content\/uploads\/2021\/05\/Green-House-18-ROOM-2-3.jpg 1690w\" sizes=\"auto, (max-width: 1024px) 100vw, 1024px\" \/><\/figure><figcaption class=\"coblocks-gallery--caption coblocks-gallery--primary-caption\"><\/figcaption><\/div><\/div><div class=\"swiper-slide\"><div class=\"coblocks-gallery--item\" role=\"button\" tabindex=\"2\"><figure class=\"coblocks-gallery--figure has-margin-left-15 has-margin-right-15\"><img loading=\"lazy\" decoding=\"async\" width=\"1024\" height=\"712\" alt=\"\" class=\"wp-image-267\" data-id=\"267\" data-link=\"http:\/\/www.greenhousecabanas.com\/green2020\/rooms\/green-house-25-room-5-6\/\" src=\"http:\/\/www.greenhousecabanas.com\/green2020\/wp-content\/uploads\/2021\/05\/Green-House-25-ROOM-5-6-1024x712.jpg\" srcset=\"https:\/\/www.greenhousecabanas.com\/green2020\/wp-content\/uploads\/2021\/05\/Green-House-25-ROOM-5-6-1024x712.jpg 1024w, https:\/\/www.greenhousecabanas.com\/green2020\/wp-content\/uploads\/2021\/05\/Green-House-25-ROOM-5-6-300x209.jpg 300w, https:\/\/www.greenhousecabanas.com\/green2020\/wp-content\/uploads\/2021\/05\/Green-House-25-ROOM-5-6-768x534.jpg 768w, https:\/\/www.greenhousecabanas.com\/green2020\/wp-content\/uploads\/2021\/05\/Green-House-25-ROOM-5-6-1536x1068.jpg 1536w, https:\/\/www.greenhousecabanas.com\/green2020\/wp-content\/uploads\/2021\/05\/Green-House-25-ROOM-5-6.jpg 1710w\" sizes=\"auto, (max-width: 1024px) 100vw, 1024px\" \/><\/figure><figcaption class=\"coblocks-gallery--caption coblocks-gallery--primary-caption\"><\/figcaption><\/div><\/div><div class=\"swiper-slide\"><div class=\"coblocks-gallery--item\" role=\"button\" tabindex=\"3\"><figure class=\"coblocks-gallery--figure has-margin-left-15 has-margin-right-15\"><img loading=\"lazy\" decoding=\"async\" width=\"1024\" height=\"653\" alt=\"\" class=\"wp-image-268\" data-id=\"268\" data-link=\"http:\/\/www.greenhousecabanas.com\/green2020\/rooms\/green-house-36-room-g1-g4\/\" src=\"http:\/\/www.greenhousecabanas.com\/green2020\/wp-content\/uploads\/2021\/05\/Green-House-36-ROOM-G1-G4-1024x653.jpg\" srcset=\"https:\/\/www.greenhousecabanas.com\/green2020\/wp-content\/uploads\/2021\/05\/Green-House-36-ROOM-G1-G4-1024x653.jpg 1024w, https:\/\/www.greenhousecabanas.com\/green2020\/wp-content\/uploads\/2021\/05\/Green-House-36-ROOM-G1-G4-300x191.jpg 300w, https:\/\/www.greenhousecabanas.com\/green2020\/wp-content\/uploads\/2021\/05\/Green-House-36-ROOM-G1-G4-768x490.jpg 768w, https:\/\/www.greenhousecabanas.com\/green2020\/wp-content\/uploads\/2021\/05\/Green-House-36-ROOM-G1-G4-1536x980.jpg 1536w, https:\/\/www.greenhousecabanas.com\/green2020\/wp-content\/uploads\/2021\/05\/Green-House-36-ROOM-G1-G4.jpg 1799w\" sizes=\"auto, (max-width: 1024px) 100vw, 1024px\" \/><\/figure><figcaption class=\"coblocks-gallery--caption coblocks-gallery--primary-caption\"><\/figcaption><\/div><\/div><div class=\"swiper-slide\"><div class=\"coblocks-gallery--item\" role=\"button\" tabindex=\"4\"><figure class=\"coblocks-gallery--figure has-margin-left-15 has-margin-right-15\"><img loading=\"lazy\" decoding=\"async\" width=\"1024\" height=\"683\" alt=\"\" class=\"wp-image-269\" data-id=\"269\" data-link=\"http:\/\/www.greenhousecabanas.com\/green2020\/rooms\/green-house-43-apart-3\/\" src=\"http:\/\/www.greenhousecabanas.com\/green2020\/wp-content\/uploads\/2021\/05\/Green-House-43-APART-3-1024x683.jpg\" srcset=\"https:\/\/www.greenhousecabanas.com\/green2020\/wp-content\/uploads\/2021\/05\/Green-House-43-APART-3-1024x683.jpg 1024w, https:\/\/www.greenhousecabanas.com\/green2020\/wp-content\/uploads\/2021\/05\/Green-House-43-APART-3-300x200.jpg 300w, https:\/\/www.greenhousecabanas.com\/green2020\/wp-content\/uploads\/2021\/05\/Green-House-43-APART-3-768x512.jpg 768w, https:\/\/www.greenhousecabanas.com\/green2020\/wp-content\/uploads\/2021\/05\/Green-House-43-APART-3-1536x1024.jpg 1536w, https:\/\/www.greenhousecabanas.com\/green2020\/wp-content\/uploads\/2021\/05\/Green-House-43-APART-3.jpg 1800w\" sizes=\"auto, (max-width: 1024px) 100vw, 1024px\" \/><\/figure><figcaption class=\"coblocks-gallery--caption coblocks-gallery--primary-caption\"><\/figcaption><\/div><\/div><\/div><button class=\"nav-button__prev\" id=\"12345-prev\"><svg class=\"icon\" style=\"transform:rotate(180deg)\"><\/svg><\/button><button class=\"nav-button__next\" id=\"12345-next\"><svg class=\"icon\"><\/svg><\/button><\/div><\/div><\/div>\n\n\n\n<div class=\"wp-block-media-text alignwide is-stacked-on-mobile\"><figure class=\"wp-block-media-text__media\"><img loading=\"lazy\" decoding=\"async\" width=\"1024\" height=\"683\" src=\"http:\/\/www.greenhousecabanas.com\/green2020\/wp-content\/uploads\/2021\/05\/Green-House-16-ROOM-1-1024x683.jpg\" alt=\"\" class=\"wp-image-270 size-full\" srcset=\"https:\/\/www.greenhousecabanas.com\/green2020\/wp-content\/uploads\/2021\/05\/Green-House-16-ROOM-1-1024x683.jpg 1024w, https:\/\/www.greenhousecabanas.com\/green2020\/wp-content\/uploads\/2021\/05\/Green-House-16-ROOM-1-300x200.jpg 300w, https:\/\/www.greenhousecabanas.com\/green2020\/wp-content\/uploads\/2021\/05\/Green-House-16-ROOM-1-768x512.jpg 768w, https:\/\/www.greenhousecabanas.com\/green2020\/wp-content\/uploads\/2021\/05\/Green-House-16-ROOM-1-1536x1024.jpg 1536w, https:\/\/www.greenhousecabanas.com\/green2020\/wp-content\/uploads\/2021\/05\/Green-House-16-ROOM-1.jpg 1800w\" sizes=\"auto, (max-width: 1024px) 100vw, 1024px\" \/><\/figure><div class=\"wp-block-media-text__content\">\n<p class=\"has-large-font-size\">Room 1<\/p>\n\n\n\n<p>Big and comfortable room designed for more than 2 people. 2 single beds and 1 double, 1 bathroom, dining room for 4 people, coffee maker, mini bar, cable TV and a sink. <\/p>\n<\/div><\/div>\n\n\n\n<div class=\"wp-block-media-text alignwide has-media-on-the-right is-stacked-on-mobile\"><figure class=\"wp-block-media-text__media\"><img loading=\"lazy\" decoding=\"async\" width=\"1024\" height=\"683\" src=\"http:\/\/www.greenhousecabanas.com\/green2020\/wp-content\/uploads\/2021\/05\/Green-House-17-ROOM-2-3-1024x683.jpeg\" alt=\"\" class=\"wp-image-271 size-full\" srcset=\"https:\/\/www.greenhousecabanas.com\/green2020\/wp-content\/uploads\/2021\/05\/Green-House-17-ROOM-2-3-1024x683.jpeg 1024w, https:\/\/www.greenhousecabanas.com\/green2020\/wp-content\/uploads\/2021\/05\/Green-House-17-ROOM-2-3-300x200.jpeg 300w, https:\/\/www.greenhousecabanas.com\/green2020\/wp-content\/uploads\/2021\/05\/Green-House-17-ROOM-2-3-768x512.jpeg 768w, https:\/\/www.greenhousecabanas.com\/green2020\/wp-content\/uploads\/2021\/05\/Green-House-17-ROOM-2-3-1536x1024.jpeg 1536w, https:\/\/www.greenhousecabanas.com\/green2020\/wp-content\/uploads\/2021\/05\/Green-House-17-ROOM-2-3.jpeg 1800w\" sizes=\"auto, (max-width: 1024px) 100vw, 1024px\" \/><\/figure><div class=\"wp-block-media-text__content\">\n<p class=\"has-large-font-size\">Rooms 2 and 3<\/p>\n\n\n\n<p>Bungalows type cabins made of wood. Cozy and with facilities such as coffee maker, mini bar, closet, table. 1 double bed, 1 bathroom. Maximum capacity of 2 people per room.<\/p>\n<\/div><\/div>\n\n\n\n<div class=\"wp-block-media-text alignwide is-stacked-on-mobile\"><figure class=\"wp-block-media-text__media\"><img loading=\"lazy\" decoding=\"async\" width=\"1024\" height=\"682\" src=\"http:\/\/www.greenhousecabanas.com\/green2020\/wp-content\/uploads\/2021\/05\/Green-House-22-ROOM-4-1024x682.jpeg\" alt=\"\" class=\"wp-image-272 size-full\" srcset=\"https:\/\/www.greenhousecabanas.com\/green2020\/wp-content\/uploads\/2021\/05\/Green-House-22-ROOM-4-1024x682.jpeg 1024w, https:\/\/www.greenhousecabanas.com\/green2020\/wp-content\/uploads\/2021\/05\/Green-House-22-ROOM-4-300x200.jpeg 300w, https:\/\/www.greenhousecabanas.com\/green2020\/wp-content\/uploads\/2021\/05\/Green-House-22-ROOM-4-768x512.jpeg 768w, https:\/\/www.greenhousecabanas.com\/green2020\/wp-content\/uploads\/2021\/05\/Green-House-22-ROOM-4-1536x1023.jpeg 1536w, https:\/\/www.greenhousecabanas.com\/green2020\/wp-content\/uploads\/2021\/05\/Green-House-22-ROOM-4.jpeg 1734w\" sizes=\"auto, (max-width: 1024px) 100vw, 1024px\" \/><\/figure><div class=\"wp-block-media-text__content\">\n<p class=\"has-large-font-size\">Room 4<\/p>\n\n\n\n<p>It's maximum capacity of 3 people. Equipped with one bathroom, work table and dining room. It also has a coffee maker, cable TV and a mini bar. Everything you need in a single room.<\/p>\n<\/div><\/div>\n\n\n\n<div class=\"wp-block-media-text alignwide has-media-on-the-right is-stacked-on-mobile\"><figure class=\"wp-block-media-text__media\"><img loading=\"lazy\" decoding=\"async\" width=\"1024\" height=\"683\" src=\"http:\/\/www.greenhousecabanas.com\/green2020\/wp-content\/uploads\/2021\/05\/Green-House-23-ROOM-5-6-1024x683.jpg\" alt=\"\" class=\"wp-image-273 size-full\" srcset=\"https:\/\/www.greenhousecabanas.com\/green2020\/wp-content\/uploads\/2021\/05\/Green-House-23-ROOM-5-6-1024x683.jpg 1024w, https:\/\/www.greenhousecabanas.com\/green2020\/wp-content\/uploads\/2021\/05\/Green-House-23-ROOM-5-6-300x200.jpg 300w, https:\/\/www.greenhousecabanas.com\/green2020\/wp-content\/uploads\/2021\/05\/Green-House-23-ROOM-5-6-768x512.jpg 768w, https:\/\/www.greenhousecabanas.com\/green2020\/wp-content\/uploads\/2021\/05\/Green-House-23-ROOM-5-6-1536x1024.jpg 1536w, https:\/\/www.greenhousecabanas.com\/green2020\/wp-content\/uploads\/2021\/05\/Green-House-23-ROOM-5-6.jpg 1800w\" sizes=\"auto, (max-width: 1024px) 100vw, 1024px\" \/><\/figure><div class=\"wp-block-media-text__content\">\n<p class=\"has-large-font-size\">Rooms 5 and 6<\/p>\n\n\n\n<p>Deep in nature keeping its freshness, it has a capacity for 2 people per room. Big and comfortable bathroom. It has a work\/dining table, mini bar, cable TV and coffee maker.<\/p>\n<\/div><\/div>\n\n\n\n<div class=\"wp-block-media-text alignwide is-stacked-on-mobile\"><figure class=\"wp-block-media-text__media\"><img loading=\"lazy\" decoding=\"async\" width=\"1024\" height=\"683\" src=\"http:\/\/www.greenhousecabanas.com\/green2020\/wp-content\/uploads\/2021\/05\/Green-House-26-ROOM-7-9-1024x683.jpeg\" alt=\"\" class=\"wp-image-274 size-full\" srcset=\"https:\/\/www.greenhousecabanas.com\/green2020\/wp-content\/uploads\/2021\/05\/Green-House-26-ROOM-7-9-1024x683.jpeg 1024w, https:\/\/www.greenhousecabanas.com\/green2020\/wp-content\/uploads\/2021\/05\/Green-House-26-ROOM-7-9-300x200.jpeg 300w, https:\/\/www.greenhousecabanas.com\/green2020\/wp-content\/uploads\/2021\/05\/Green-House-26-ROOM-7-9-768x512.jpeg 768w, https:\/\/www.greenhousecabanas.com\/green2020\/wp-content\/uploads\/2021\/05\/Green-House-26-ROOM-7-9-1536x1024.jpeg 1536w, https:\/\/www.greenhousecabanas.com\/green2020\/wp-content\/uploads\/2021\/05\/Green-House-26-ROOM-7-9.jpeg 1800w\" sizes=\"auto, (max-width: 1024px) 100vw, 1024px\" \/><\/figure><div class=\"wp-block-media-text__content\">\n<p class=\"has-large-font-size\">Rooms 7,8 and 9<\/p>\n\n\n\n<p>Spacious rooms with a maximum capacity of between 2 and 3 people. It has a comfortable bathroom, work\/dining table, coffee maker, cable TV, and a balcony overlooking the green areas of the hotel.<\/p>\n<\/div><\/div>\n\n\n\n<div class=\"wp-block-media-text alignwide has-media-on-the-right is-stacked-on-mobile\"><figure class=\"wp-block-media-text__media\"><img loading=\"lazy\" decoding=\"async\" width=\"1024\" height=\"687\" src=\"http:\/\/www.greenhousecabanas.com\/green2020\/wp-content\/uploads\/2021\/05\/Green-House-37-ROOM-G1-G4-1024x687.jpg\" alt=\"\" class=\"wp-image-275 size-full\" srcset=\"https:\/\/www.greenhousecabanas.com\/green2020\/wp-content\/uploads\/2021\/05\/Green-House-37-ROOM-G1-G4-1024x687.jpg 1024w, https:\/\/www.greenhousecabanas.com\/green2020\/wp-content\/uploads\/2021\/05\/Green-House-37-ROOM-G1-G4-300x201.jpg 300w, https:\/\/www.greenhousecabanas.com\/green2020\/wp-content\/uploads\/2021\/05\/Green-House-37-ROOM-G1-G4-768x516.jpg 768w, https:\/\/www.greenhousecabanas.com\/green2020\/wp-content\/uploads\/2021\/05\/Green-House-37-ROOM-G1-G4-1536x1031.jpg 1536w, https:\/\/www.greenhousecabanas.com\/green2020\/wp-content\/uploads\/2021\/05\/Green-House-37-ROOM-G1-G4.jpg 1786w\" sizes=\"auto, (max-width: 1024px) 100vw, 1024px\" \/><\/figure><div class=\"wp-block-media-text__content\">\n<p class=\"has-large-font-size\">Rooms G1 to G4<\/p>\n\n\n\n<p>Comfortable and cozy. It has a maximum capacity of between 2 and 3 people. A spacious bathroom, cable TV, coffee maker, work\/dining table and mini bar.<\/p>\n<\/div><\/div>\n\n\n<h2>Apartment 3<\/h2>\n<p>Rodeado de naturaleza, esta habitaci\u00f3n cuenta con 2 cuartos, 1 cama matrimonial, 1 camarote matrimonial\/individual,&nbsp; sala de TV amplia, desayunador, fregadero, 1 ba\u00f1o, mini bar y coffee maker.<\/p>\n\n\n<figure class=\"wp-block-embed is-type-video is-provider-youtube wp-block-embed-youtube wp-embed-aspect-16-9 wp-has-aspect-ratio\"><div class=\"wp-block-embed__wrapper\">\n<iframe loading=\"lazy\" title=\"Apartamento #3\" width=\"710\" height=\"399\" src=\"https:\/\/www.youtube.com\/embed\/AgXvkPlCsGw?feature=oembed\" frameborder=\"0\" allow=\"accelerometer; autoplay; clipboard-write; encrypted-media; gyroscope; picture-in-picture\" allowfullscreen><\/iframe>\n<\/div><\/figure>\n\n\n<h2>&nbsp;<\/h2>\n<h2>Apartment 4<\/h2>\n<p>Designed with 2 rooms, 1 double bed, 2 single beds, TV room, a spacious bathroom, breakfast area, sink, indoor parking, mini bar and coffee maker.<\/p>\n\n\n<figure class=\"wp-block-embed is-type-video is-provider-youtube wp-block-embed-youtube wp-embed-aspect-16-9 wp-has-aspect-ratio\"><div class=\"wp-block-embed__wrapper\">\n<iframe loading=\"lazy\" title=\"Apartamento  #4\" width=\"710\" height=\"399\" src=\"https:\/\/www.youtube.com\/embed\/FjNdGFmYCCA?feature=oembed\" frameborder=\"0\" allow=\"accelerometer; autoplay; clipboard-write; encrypted-media; gyroscope; picture-in-picture\" allowfullscreen><\/iframe>\n<\/div><\/figure>\n\n\n\n<p><\/p>","protected":false},"excerpt":{"rendered":"<p>Contamos con 18 habitaciones en diferentes ambientes pero siempre inmersas a una atmosfera llena de naturaleza, privadas y acogedoras. Habitaci\u00f3n 1 Amplia habitaci\u00f3n con dise\u00f1o adaptado para m\u00e1s de 2 personas. 2 camas individuales y &#8230;<\/p>","protected":false},"author":1,"featured_media":0,"parent":0,"menu_order":0,"comment_status":"closed","ping_status":"closed","template":"template\/page-fullwidth.php","meta":{"_coblocks_attr":"","_coblocks_dimensions":"","_coblocks_responsive_height":"","_coblocks_accordion_ie_support":"","footnotes":""},"class_list":["post-204","page","type-page","status-publish","hentry"],"_links":{"self":[{"href":"https:\/\/www.greenhousecabanas.com\/green2020\/en\/wp-json\/wp\/v2\/pages\/204","targetHints":{"allow":["GET"]}}],"collection":[{"href":"https:\/\/www.greenhousecabanas.com\/green2020\/en\/wp-json\/wp\/v2\/pages"}],"about":[{"href":"https:\/\/www.greenhousecabanas.com\/green2020\/en\/wp-json\/wp\/v2\/types\/page"}],"author":[{"embeddable":true,"href":"https:\/\/www.greenhousecabanas.com\/green2020\/en\/wp-json\/wp\/v2\/users\/1"}],"replies":[{"embeddable":true,"href":"https:\/\/www.greenhousecabanas.com\/green2020\/en\/wp-json\/wp\/v2\/comments?post=204"}],"version-history":[{"count":12,"href":"https:\/\/www.greenhousecabanas.com\/green2020\/en\/wp-json\/wp\/v2\/pages\/204\/revisions"}],"predecessor-version":[{"id":608,"href":"https:\/\/www.greenhousecabanas.com\/green2020\/en\/wp-json\/wp\/v2\/pages\/204\/revisions\/608"}],"wp:attachment":[{"href":"https:\/\/www.greenhousecabanas.com\/green2020\/en\/wp-json\/wp\/v2\/media?parent=204"}],"curies":[{"name":"wp","href":"https:\/\/api.w.org\/{rel}","templated":true}]}}