{"id":722,"date":"2025-10-22T00:17:36","date_gmt":"2025-10-22T00:17:36","guid":{"rendered":"https:\/\/www.greenhousecabanas.com\/green2020\/?page_id=722"},"modified":"2025-11-13T18:40:20","modified_gmt":"2025-11-13T18:40:20","slug":"quienes-somos","status":"publish","type":"page","link":"https:\/\/www.greenhousecabanas.com\/green2020\/en\/quienes-somos\/","title":{"rendered":"About Us"},"content":{"rendered":"<p>Greenhouse Caba\u00f1as <\/p>\n\n\n\n<p>Raz\u00f3n social: CESAR ALBERTO ESQUIVEL&nbsp;MORA<\/p>\n\n\n\n<p>N\u00famero de identificaci\u00f3n: 602930046<\/p>\n\n\n\n<p>Green House Caba\u00f1as es un emprendimiento familiar tico originario de San Vito, Coto Brus, nacido del esfuerzo, la hospitalidad y el amor por servir de una familia comprometida con ofrecer un servicio personalizado y una experiencia aut\u00e9ntica.<br><br>We began operations in 2008 with just one room, and thanks to the support of our guests and constant work, we now offer 18 cozy cabins and rooms surrounded by nature, tranquility, and the beauty of southern Costa Rica.<br><br>Our greatest goal is for every guest to feel at home, to discover in our hotel details that make them feel special, and to enjoy their stay with comfort, relaxation, and warm hospitality.<br><br>We strive to become a benchmark for service quality and hospitality for all who visit San Vito and the Coto Brus region, serving as a meeting point between modern comfort and the natural essence of the area.<\/p>\n\n\n\n<h2 class=\"wp-block-heading\">Mission<\/h2>\n\n\n\n<p>To provide a warm, safe, and personalized lodging experience where every guest feels part of our family. We promote rest, connection with nature, and well-being in a truly Costa Rican environment.<\/p>\n\n\n\n<h2 class=\"wp-block-heading\">Vision<\/h2>\n\n\n\n<p>To be recognized as the leading hotel in San Vito and the Coto Brus region for our excellence in service, human attention, and quality facilities, positioning Caba\u00f1as Green House as the ideal destination for those seeking peace, nature, and genuine hospitality.<\/p>","protected":false},"excerpt":{"rendered":"<p>Caba\u00f1as Green House Raz\u00f3n social: CESAR ALBERTO ESQUIVEL&nbsp;MORA N\u00famero de identificaci\u00f3n: 602930046 Green House Caba\u00f1as es un emprendimiento familiar tico originario de San Vito, Coto Brus, nacido del esfuerzo, la hospitalidad y el amor por &#8230;<\/p>","protected":false},"author":1,"featured_media":0,"parent":0,"menu_order":0,"comment_status":"closed","ping_status":"closed","template":"template\/page-fullwidth.php","meta":{"_coblocks_attr":"","_coblocks_dimensions":"","_coblocks_responsive_height":"","_coblocks_accordion_ie_support":"","footnotes":""},"class_list":["post-722","page","type-page","status-publish","hentry"],"_links":{"self":[{"href":"https:\/\/www.greenhousecabanas.com\/green2020\/en\/wp-json\/wp\/v2\/pages\/722","targetHints":{"allow":["GET"]}}],"collection":[{"href":"https:\/\/www.greenhousecabanas.com\/green2020\/en\/wp-json\/wp\/v2\/pages"}],"about":[{"href":"https:\/\/www.greenhousecabanas.com\/green2020\/en\/wp-json\/wp\/v2\/types\/page"}],"author":[{"embeddable":true,"href":"https:\/\/www.greenhousecabanas.com\/green2020\/en\/wp-json\/wp\/v2\/users\/1"}],"replies":[{"embeddable":true,"href":"https:\/\/www.greenhousecabanas.com\/green2020\/en\/wp-json\/wp\/v2\/comments?post=722"}],"version-history":[{"count":4,"href":"https:\/\/www.greenhousecabanas.com\/green2020\/en\/wp-json\/wp\/v2\/pages\/722\/revisions"}],"predecessor-version":[{"id":736,"href":"https:\/\/www.greenhousecabanas.com\/green2020\/en\/wp-json\/wp\/v2\/pages\/722\/revisions\/736"}],"wp:attachment":[{"href":"https:\/\/www.greenhousecabanas.com\/green2020\/en\/wp-json\/wp\/v2\/media?parent=722"}],"curies":[{"name":"wp","href":"https:\/\/api.w.org\/{rel}","templated":true}]}}