{"id":722,"date":"2025-10-22T00:17:36","date_gmt":"2025-10-22T00:17:36","guid":{"rendered":"https:\/\/www.greenhousecabanas.com\/green2020\/?page_id=722"},"modified":"2025-11-13T18:40:20","modified_gmt":"2025-11-13T18:40:20","slug":"quienes-somos","status":"publish","type":"page","link":"https:\/\/www.greenhousecabanas.com\/green2020\/quienes-somos\/","title":{"rendered":"Nosotros"},"content":{"rendered":"\n<p>Caba\u00f1as Green House <\/p>\n\n\n\n<p>Raz\u00f3n social: CESAR ALBERTO ESQUIVEL&nbsp;MORA<\/p>\n\n\n\n<p>N\u00famero de identificaci\u00f3n: 602930046<\/p>\n\n\n\n<p>Green House Caba\u00f1as es un emprendimiento familiar tico originario de San Vito, Coto Brus, nacido del esfuerzo, la hospitalidad y el amor por servir de una familia comprometida con ofrecer un servicio personalizado y una experiencia aut\u00e9ntica.<br><br>Iniciamos nuestras labores en el a\u00f1o 2008 con una sola habitaci\u00f3n, y gracias al apoyo de nuestros hu\u00e9spedes y al trabajo constante, hoy contamos con 18 acogedoras caba\u00f1as y habitaciones, rodeadas de naturaleza, tranquilidad y el encanto de la zona sur de Costa Rica.<br><br>Nuestro mayor inter\u00e9s es que cada hu\u00e9sped se sienta como en casa, descubra en nuestro hotel detalles que lo hagan sentirse especial, y disfrute su estancia con comodidad, descanso y calidez humana.<br><br>Buscamos convertirnos en una referencia de servicio, calidad y hospitalidad para quienes visitan San Vito y la regi\u00f3n de Coto Brus, siendo un punto de encuentro entre el confort moderno y la esencia natural del lugar.<\/p>\n\n\n\n<h2 class=\"wp-block-heading\">Misi\u00f3n<\/h2>\n\n\n\n<p>Brindar una experiencia de hospedaje c\u00e1lida, segura y personalizada, donde cada hu\u00e9sped se sienta parte de nuestra familia. Promovemos el descanso, la conexi\u00f3n con la naturaleza y el bienestar, en un ambiente aut\u00e9nticamente costarricense.<\/p>\n\n\n\n<h2 class=\"wp-block-heading\">Visi\u00f3n<\/h2>\n\n\n\n<p>Ser reconocidos como el hotel de referencia en San Vito y la regi\u00f3n de Coto Brus por nuestra excelencia en el servicio, la atenci\u00f3n humana y la calidad de nuestras instalaciones, consolidando a Caba\u00f1as Green House como un destino ideal para quienes buscan tranquilidad, naturaleza y hospitalidad genuina.<\/p>\n","protected":false},"excerpt":{"rendered":"<p>Caba\u00f1as Green House Raz\u00f3n social: CESAR ALBERTO ESQUIVEL&nbsp;MORA N\u00famero de identificaci\u00f3n: 602930046 Green House Caba\u00f1as es un emprendimiento familiar tico originario de San Vito, Coto Brus, nacido del esfuerzo, la hospitalidad y el amor por &#8230;<\/p>\n","protected":false},"author":1,"featured_media":0,"parent":0,"menu_order":0,"comment_status":"closed","ping_status":"closed","template":"template\/page-fullwidth.php","meta":{"_coblocks_attr":"","_coblocks_dimensions":"","_coblocks_responsive_height":"","_coblocks_accordion_ie_support":"","footnotes":""},"class_list":["post-722","page","type-page","status-publish","hentry"],"_links":{"self":[{"href":"https:\/\/www.greenhousecabanas.com\/green2020\/wp-json\/wp\/v2\/pages\/722","targetHints":{"allow":["GET"]}}],"collection":[{"href":"https:\/\/www.greenhousecabanas.com\/green2020\/wp-json\/wp\/v2\/pages"}],"about":[{"href":"https:\/\/www.greenhousecabanas.com\/green2020\/wp-json\/wp\/v2\/types\/page"}],"author":[{"embeddable":true,"href":"https:\/\/www.greenhousecabanas.com\/green2020\/wp-json\/wp\/v2\/users\/1"}],"replies":[{"embeddable":true,"href":"https:\/\/www.greenhousecabanas.com\/green2020\/wp-json\/wp\/v2\/comments?post=722"}],"version-history":[{"count":4,"href":"https:\/\/www.greenhousecabanas.com\/green2020\/wp-json\/wp\/v2\/pages\/722\/revisions"}],"predecessor-version":[{"id":736,"href":"https:\/\/www.greenhousecabanas.com\/green2020\/wp-json\/wp\/v2\/pages\/722\/revisions\/736"}],"wp:attachment":[{"href":"https:\/\/www.greenhousecabanas.com\/green2020\/wp-json\/wp\/v2\/media?parent=722"}],"curies":[{"name":"wp","href":"https:\/\/api.w.org\/{rel}","templated":true}]}}